{"id":84,"date":"2023-04-07T10:15:07","date_gmt":"2023-04-07T08:15:07","guid":{"rendered":"https:\/\/edensia.com\/?page_id=84"},"modified":"2023-04-07T15:28:42","modified_gmt":"2023-04-07T13:28:42","slug":"edensia-technology-stack","status":"publish","type":"page","link":"https:\/\/edensia.com\/?page_id=84","title":{"rendered":"Technologies"},"content":{"rendered":"\n<p>Technologies utilis\u00e9es par Edensia. D\u00e9couvrez comment ces outils affectent l&rsquo;interaction et l&rsquo;engagement de notre entreprise sur vos projets.<\/p>\n\n\n\n<h2 class=\"wp-block-heading\">DevOps et D\u00e9veloppement<\/h2>\n\n\n\n<div class=\"wp-block-columns are-vertically-aligned-top is-layout-flex wp-container-core-columns-is-layout-28f84493 wp-block-columns-is-layout-flex\">\n<div class=\"wp-block-column is-layout-flow wp-block-column-is-layout-flow\">\n<div class=\"wp-block-group company_profile_section is-nowrap is-layout-flex wp-container-core-group-is-layout-6c531013 wp-block-group-is-layout-flex\">\n<figure class=\"wp-block-image aligncenter size-full is-resized is-style-default\"><img loading=\"lazy\" decoding=\"async\" src=\"https:\/\/edensia.com\/wp-content\/uploads\/2023\/04\/gitlab.png\" alt=\"\" class=\"wp-image-103\" width=\"75\" height=\"75\"\/><\/figure>\n\n\n\n<p class=\"has-text-align-left has-small-font-size\"><strong>Gitlab CI\/CD<\/strong><br>Gitlab permet de cr\u00e9er des pipelines d&rsquo;int\u00e9gration continue bas\u00e9 sur la technologie Docker.<\/p>\n<\/div>\n<\/div>\n\n\n\n<div class=\"wp-block-column is-layout-flow wp-block-column-is-layout-flow\">\n<div class=\"wp-block-group company_profile_section is-nowrap is-layout-flex wp-container-core-group-is-layout-6c531013 wp-block-group-is-layout-flex\">\n<figure class=\"wp-block-image aligncenter size-full is-resized is-style-default\"><img loading=\"lazy\" decoding=\"async\" src=\"https:\/\/edensia.com\/wp-content\/uploads\/2023\/04\/docker.png\" alt=\"\" class=\"wp-image-104\" width=\"75\" height=\"75\"\/><\/figure>\n\n\n\n<p class=\"has-text-align-left has-small-font-size\"><strong>Docker<\/strong><br>Docker est une plate-forme ouverte qui permet aux d\u00e9veloppeurs et aux administrateurs syst\u00e8me de cr\u00e9er des applications distribu\u00e9es.<\/p>\n<\/div>\n<\/div>\n<\/div>\n\n\n\n<div class=\"wp-block-columns are-vertically-aligned-top is-layout-flex wp-container-core-columns-is-layout-28f84493 wp-block-columns-is-layout-flex\">\n<div class=\"wp-block-column is-layout-flow wp-block-column-is-layout-flow\">\n<div class=\"wp-block-group company_profile_section is-nowrap is-layout-flex wp-container-core-group-is-layout-6c531013 wp-block-group-is-layout-flex\">\n<figure class=\"wp-block-image aligncenter size-full is-resized is-style-default\"><img loading=\"lazy\" decoding=\"async\" src=\"https:\/\/edensia.com\/wp-content\/uploads\/2023\/04\/kubernetes.png\" alt=\"\" class=\"wp-image-117\" width=\"75\" height=\"75\"\/><\/figure>\n\n\n\n<p class=\"has-text-align-left has-small-font-size\"><strong>Kubernetes<\/strong><br>Kubernetes aide \u00e0 g\u00e9rer un cluster de conteneurs Linux comme un syst\u00e8me unique pour acc\u00e9l\u00e9rer le d\u00e9veloppement et simplifier les op\u00e9rations.<\/p>\n<\/div>\n<\/div>\n\n\n\n<div class=\"wp-block-column is-layout-flow wp-block-column-is-layout-flow\"><\/div>\n<\/div>\n\n\n\n<h2 class=\"wp-block-heading\">Business Intelligence et Reporting<\/h2>\n\n\n\n<div class=\"wp-block-columns are-vertically-aligned-top is-layout-flex wp-container-core-columns-is-layout-28f84493 wp-block-columns-is-layout-flex\">\n<div class=\"wp-block-column is-layout-flow wp-block-column-is-layout-flow\">\n<div class=\"wp-block-group company_profile_section is-nowrap is-layout-flex wp-container-core-group-is-layout-6c531013 wp-block-group-is-layout-flex\">\n<figure class=\"wp-block-image aligncenter size-full is-resized is-style-default\"><img loading=\"lazy\" decoding=\"async\" src=\"https:\/\/edensia.com\/wp-content\/uploads\/2023\/04\/Jaspersoft.jpg\" alt=\"\" class=\"wp-image-87\" width=\"75\" height=\"75\" srcset=\"https:\/\/edensia.com\/wp-content\/uploads\/2023\/04\/Jaspersoft.jpg 400w, https:\/\/edensia.com\/wp-content\/uploads\/2023\/04\/Jaspersoft-300x300.jpg 300w, https:\/\/edensia.com\/wp-content\/uploads\/2023\/04\/Jaspersoft-150x150.jpg 150w, https:\/\/edensia.com\/wp-content\/uploads\/2023\/04\/Jaspersoft-100x100.jpg 100w\" sizes=\"auto, (max-width: 75px) 100vw, 75px\" \/><\/figure>\n\n\n\n<p class=\"has-text-align-left has-small-font-size\"><strong>TIBCO Jaspersoft<\/strong><br>Une suite BI qui permet aux entreprises de prendre de meilleures d\u00e9cisions gr\u00e2ce \u00e0 des rapports d\u00e9taill\u00e9s.<\/p>\n<\/div>\n<\/div>\n\n\n\n<div class=\"wp-block-column is-layout-flow wp-block-column-is-layout-flow\">\n<div class=\"wp-block-group company_profile_section is-nowrap is-layout-flex wp-container-core-group-is-layout-6c531013 wp-block-group-is-layout-flex\">\n<figure class=\"wp-block-image aligncenter size-full is-resized is-style-default\"><img loading=\"lazy\" decoding=\"async\" src=\"https:\/\/edensia.com\/wp-content\/uploads\/2023\/04\/Microsoft_Power_BI.png\" alt=\"\" class=\"wp-image-88\" width=\"75\" height=\"75\" srcset=\"https:\/\/edensia.com\/wp-content\/uploads\/2023\/04\/Microsoft_Power_BI.png 400w, https:\/\/edensia.com\/wp-content\/uploads\/2023\/04\/Microsoft_Power_BI-300x300.png 300w, https:\/\/edensia.com\/wp-content\/uploads\/2023\/04\/Microsoft_Power_BI-150x150.png 150w, https:\/\/edensia.com\/wp-content\/uploads\/2023\/04\/Microsoft_Power_BI-100x100.png 100w\" sizes=\"auto, (max-width: 75px) 100vw, 75px\" \/><\/figure>\n\n\n\n<p class=\"has-text-align-left has-small-font-size\"><strong>Microsoft Power BI<\/strong><br>Microsoft Power BI convertit les donn\u00e9es en visualisations interactives riches, en utilisant des outils d&rsquo;analyse<\/p>\n<\/div>\n<\/div>\n<\/div>\n\n\n\n<div class=\"wp-block-columns are-vertically-aligned-top is-layout-flex wp-container-core-columns-is-layout-28f84493 wp-block-columns-is-layout-flex\">\n<div class=\"wp-block-column is-layout-flow wp-block-column-is-layout-flow\">\n<div class=\"wp-block-group company_profile_section is-nowrap is-layout-flex wp-container-core-group-is-layout-6c531013 wp-block-group-is-layout-flex\">\n<figure class=\"wp-block-image aligncenter size-full is-resized is-style-default\"><img loading=\"lazy\" decoding=\"async\" src=\"https:\/\/edensia.com\/wp-content\/uploads\/2023\/04\/Birt-purple-logo.png\" alt=\"\" class=\"wp-image-118\" width=\"75\" height=\"75\"\/><\/figure>\n\n\n\n<p class=\"has-text-align-left has-small-font-size\"><strong>BIRT<\/strong><br>Une suite BI qui permet aux entreprises de prendre de meilleures d\u00e9cisions gr\u00e2ce \u00e0 des rapports d\u00e9taill\u00e9s.<\/p>\n<\/div>\n<\/div>\n\n\n\n<div class=\"wp-block-column is-layout-flow wp-block-column-is-layout-flow\">\n<div class=\"wp-block-group company_profile_section is-nowrap is-layout-flex wp-container-core-group-is-layout-6c531013 wp-block-group-is-layout-flex\">\n<figure class=\"wp-block-image aligncenter size-full is-resized is-style-default\"><img loading=\"lazy\" decoding=\"async\" src=\"https:\/\/edensia.com\/wp-content\/uploads\/2023\/04\/d3js.png\" alt=\"\" class=\"wp-image-139\" width=\"75\" height=\"75\"\/><\/figure>\n\n\n\n<p class=\"has-text-align-left has-small-font-size\"><strong>D3.js<\/strong><br>Une biblioth\u00e8que JavaScript pour visualiser des donn\u00e9es en utilisant HTML, SVG et CSS<\/p>\n<\/div>\n<\/div>\n<\/div>\n\n\n\n<h2 class=\"wp-block-heading\">Data Science et Machine Learning<\/h2>\n\n\n\n<div class=\"wp-block-columns are-vertically-aligned-top is-layout-flex wp-container-core-columns-is-layout-28f84493 wp-block-columns-is-layout-flex\">\n<div class=\"wp-block-column is-layout-flow wp-block-column-is-layout-flow\">\n<div class=\"wp-block-group company_profile_section is-nowrap is-layout-flex wp-container-core-group-is-layout-6c531013 wp-block-group-is-layout-flex\">\n<figure class=\"wp-block-image aligncenter size-full is-resized is-style-default\"><img loading=\"lazy\" decoding=\"async\" src=\"https:\/\/edensia.com\/wp-content\/uploads\/2023\/04\/Python.png\" alt=\"\" class=\"wp-image-96\" width=\"150\" height=\"44\"\/><\/figure>\n\n\n\n<p class=\"has-text-align-left has-small-font-size\"><strong>Python<\/strong><br>Langage largement utilis\u00e9 en Data Science et Machine Learning<\/p>\n<\/div>\n<\/div>\n\n\n\n<div class=\"wp-block-column is-layout-flow wp-block-column-is-layout-flow\"><\/div>\n<\/div>\n\n\n\n<h2 class=\"wp-block-heading\">ETL et Transformation des donn\u00e9es<\/h2>\n\n\n\n<div class=\"wp-block-columns are-vertically-aligned-top is-layout-flex wp-container-core-columns-is-layout-28f84493 wp-block-columns-is-layout-flex\">\n<div class=\"wp-block-column is-layout-flow wp-block-column-is-layout-flow\">\n<div class=\"wp-block-group company_profile_section is-nowrap is-layout-flex wp-container-core-group-is-layout-6c531013 wp-block-group-is-layout-flex\">\n<figure class=\"wp-block-image aligncenter size-full is-resized is-style-default\"><img loading=\"lazy\" decoding=\"async\" src=\"https:\/\/edensia.com\/wp-content\/uploads\/2023\/04\/talend.png\" alt=\"\" class=\"wp-image-113\" width=\"128\" height=\"48\"\/><\/figure>\n\n\n\n<p class=\"has-text-align-left has-small-font-size\"><strong>Talend<\/strong><br>Fournit des solutions d&rsquo;int\u00e9gration de donn\u00e9es, permettant aux organisations de tirer parti de leurs actifs informationnels.<\/p>\n<\/div>\n<\/div>\n\n\n\n<div class=\"wp-block-column is-layout-flow wp-block-column-is-layout-flow\">\n<div class=\"wp-block-group company_profile_section is-nowrap is-layout-flex wp-container-core-group-is-layout-6c531013 wp-block-group-is-layout-flex\">\n<figure class=\"wp-block-image aligncenter size-full is-resized is-style-default\"><img loading=\"lazy\" decoding=\"async\" src=\"https:\/\/edensia.com\/wp-content\/uploads\/2023\/04\/apache_spark.png\" alt=\"\" class=\"wp-image-114\" width=\"128\" height=\"68\"\/><\/figure>\n\n\n\n<p class=\"has-text-align-left has-small-font-size\"><strong>Apache Spark<\/strong><br>Moteur de traitement de donn\u00e9es, avec des modules int\u00e9gr\u00e9s pour le streaming, SQL et l&rsquo;apprentissage automatique<\/p>\n<\/div>\n<\/div>\n<\/div>\n\n\n\n<h2 class=\"wp-block-heading\">Mod\u00e8les de d\u00e9veloppement<\/h2>\n\n\n\n<div class=\"wp-block-columns are-vertically-aligned-top is-layout-flex wp-container-core-columns-is-layout-28f84493 wp-block-columns-is-layout-flex\">\n<div class=\"wp-block-column is-layout-flow wp-block-column-is-layout-flow\">\n<div class=\"wp-block-group company_profile_section is-nowrap is-layout-flex wp-container-core-group-is-layout-6c531013 wp-block-group-is-layout-flex\">\n<figure class=\"wp-block-image aligncenter size-full is-resized is-style-default\"><img loading=\"lazy\" decoding=\"async\" src=\"https:\/\/edensia.com\/wp-content\/uploads\/2023\/04\/Eclipse.png\" alt=\"\" class=\"wp-image-86\" width=\"75\" height=\"75\" srcset=\"https:\/\/edensia.com\/wp-content\/uploads\/2023\/04\/Eclipse-150x150.png 150w, https:\/\/edensia.com\/wp-content\/uploads\/2023\/04\/Eclipse-100x100.png 100w\" sizes=\"auto, (max-width: 75px) 100vw, 75px\" \/><\/figure>\n\n\n\n<p class=\"has-text-align-left has-small-font-size\"><strong>Eclipse RCP<\/strong><br>Permet de cr\u00e9er des applications riches en utilisant le mod\u00e8le de d\u00e9veloppement Eclipse<\/p>\n<\/div>\n<\/div>\n\n\n\n<div class=\"wp-block-column is-layout-flow wp-block-column-is-layout-flow\">\n<div class=\"wp-block-group company_profile_section is-nowrap is-layout-flex wp-container-core-group-is-layout-6c531013 wp-block-group-is-layout-flex\">\n<figure class=\"wp-block-image aligncenter size-full is-resized is-style-default\"><img loading=\"lazy\" decoding=\"async\" src=\"https:\/\/edensia.com\/wp-content\/uploads\/2023\/04\/O0afu1nq_400x400.png\" alt=\"\" class=\"wp-image-119\" width=\"75\" height=\"75\" srcset=\"https:\/\/edensia.com\/wp-content\/uploads\/2023\/04\/O0afu1nq_400x400.png 400w, https:\/\/edensia.com\/wp-content\/uploads\/2023\/04\/O0afu1nq_400x400-300x300.png 300w, https:\/\/edensia.com\/wp-content\/uploads\/2023\/04\/O0afu1nq_400x400-150x150.png 150w\" sizes=\"auto, (max-width: 75px) 100vw, 75px\" \/><\/figure>\n\n\n\n<p class=\"has-text-align-left has-small-font-size\"><strong>Eclipse RAP<\/strong><br>Permet de cr\u00e9er des applications Internet en utilisant le mod\u00e8le de d\u00e9veloppement Eclipse.<\/p>\n<\/div>\n<\/div>\n<\/div>\n\n\n\n<div class=\"wp-block-group is-layout-constrained wp-block-group-is-layout-constrained\">\n<h2 class=\"wp-block-heading\">Gestion de projet et M\u00e9thodes<\/h2>\n\n\n\n<div class=\"wp-block-columns are-vertically-aligned-top is-layout-flex wp-container-core-columns-is-layout-28f84493 wp-block-columns-is-layout-flex\">\n<div class=\"wp-block-column is-layout-flow wp-block-column-is-layout-flow\">\n<div class=\"wp-block-group company_profile_section is-nowrap is-layout-flex wp-container-core-group-is-layout-6c531013 wp-block-group-is-layout-flex\">\n<figure class=\"wp-block-image aligncenter size-full is-resized is-style-default\"><img loading=\"lazy\" decoding=\"async\" src=\"https:\/\/edensia.com\/wp-content\/uploads\/2023\/04\/Microsoft_Project.png\" alt=\"\" class=\"wp-image-125\" width=\"75\" height=\"75\" srcset=\"https:\/\/edensia.com\/wp-content\/uploads\/2023\/04\/Microsoft_Project.png 296w, https:\/\/edensia.com\/wp-content\/uploads\/2023\/04\/Microsoft_Project-150x150.png 150w\" sizes=\"auto, (max-width: 75px) 100vw, 75px\" \/><\/figure>\n\n\n\n<p class=\"has-text-align-left has-small-font-size\"><strong>Microsoft Project<\/strong><br>Aide \u00e0 planifier des projets et \u00e0 collaborer avec les bons outils (suivi de projet, Gantt, chemin critique&#8230;)<\/p>\n<\/div>\n<\/div>\n\n\n\n<div class=\"wp-block-column is-layout-flow wp-block-column-is-layout-flow\">\n<div class=\"wp-block-group company_profile_section is-nowrap is-layout-flex wp-container-core-group-is-layout-6c531013 wp-block-group-is-layout-flex\">\n<figure class=\"wp-block-image aligncenter size-full is-resized is-style-default\"><img loading=\"lazy\" decoding=\"async\" src=\"https:\/\/edensia.com\/wp-content\/uploads\/2023\/04\/logo-250.png\" alt=\"\" class=\"wp-image-126\" width=\"75\" height=\"75\" srcset=\"https:\/\/edensia.com\/wp-content\/uploads\/2023\/04\/logo-250.png 250w, https:\/\/edensia.com\/wp-content\/uploads\/2023\/04\/logo-250-150x150.png 150w\" sizes=\"auto, (max-width: 75px) 100vw, 75px\" \/><\/figure>\n\n\n\n<p class=\"has-text-align-left has-small-font-size\"><strong>Scrum<\/strong><br>Gestion des projets en agilit\u00e9 avec la m\u00e9thodologie Scrum (sprints, m\u00eal\u00e9es, backlog&#8230;)<\/p>\n<\/div>\n<\/div>\n<\/div>\n\n\n\n<div class=\"wp-block-columns are-vertically-aligned-top is-layout-flex wp-container-core-columns-is-layout-28f84493 wp-block-columns-is-layout-flex\">\n<div class=\"wp-block-column is-layout-flow wp-block-column-is-layout-flow\">\n<div class=\"wp-block-group company_profile_section is-nowrap is-layout-flex wp-container-core-group-is-layout-6c531013 wp-block-group-is-layout-flex\">\n<figure class=\"wp-block-image aligncenter size-full is-resized is-style-default\"><img loading=\"lazy\" decoding=\"async\" src=\"https:\/\/edensia.com\/wp-content\/uploads\/2023\/04\/ab.png\" alt=\"\" class=\"wp-image-138\" width=\"90\" height=\"69\" srcset=\"https:\/\/edensia.com\/wp-content\/uploads\/2023\/04\/ab.png 358w, https:\/\/edensia.com\/wp-content\/uploads\/2023\/04\/ab-300x231.png 300w\" sizes=\"auto, (max-width: 90px) 100vw, 90px\" \/><\/figure>\n\n\n\n<p class=\"has-text-align-left has-small-font-size\"><strong>BPMN<\/strong><br>M\u00e9thode de formalisation et mod\u00e9lisation des processus m\u00e9tiers<\/p>\n<\/div>\n<\/div>\n\n\n\n<div class=\"wp-block-column is-layout-flow wp-block-column-is-layout-flow\"><\/div>\n<\/div>\n<\/div>\n\n\n\n<div class=\"wp-block-group is-layout-constrained wp-block-group-is-layout-constrained\">\n<h2 class=\"wp-block-heading\">Bases de donn\u00e9es<\/h2>\n\n\n\n<div class=\"wp-block-columns are-vertically-aligned-top is-layout-flex wp-container-core-columns-is-layout-28f84493 wp-block-columns-is-layout-flex\">\n<div class=\"wp-block-column is-layout-flow wp-block-column-is-layout-flow\">\n<div class=\"wp-block-group company_profile_section is-nowrap is-layout-flex wp-container-core-group-is-layout-6c531013 wp-block-group-is-layout-flex\">\n<figure class=\"wp-block-image aligncenter size-full is-resized is-style-default\"><img loading=\"lazy\" decoding=\"async\" src=\"https:\/\/edensia.com\/wp-content\/uploads\/2023\/04\/mysql.png\" alt=\"\" class=\"wp-image-129\" width=\"75\" height=\"75\"\/><\/figure>\n\n\n\n<p class=\"has-text-align-left has-small-font-size\"><strong>MySQL<\/strong><br>Base de donn\u00e9es open source qui prend en charge des applications de base de donn\u00e9es \u00e9volutives bas\u00e9es sur le Web et int\u00e9gr\u00e9es.<\/p>\n<\/div>\n<\/div>\n\n\n\n<div class=\"wp-block-column is-layout-flow wp-block-column-is-layout-flow\">\n<div class=\"wp-block-group company_profile_section is-nowrap is-layout-flex wp-container-core-group-is-layout-6c531013 wp-block-group-is-layout-flex\">\n<figure class=\"wp-block-image aligncenter size-full is-resized is-style-default\"><img loading=\"lazy\" decoding=\"async\" src=\"https:\/\/edensia.com\/wp-content\/uploads\/2023\/04\/Oracle.png\" alt=\"\" class=\"wp-image-130\" width=\"75\" height=\"75\" srcset=\"https:\/\/edensia.com\/wp-content\/uploads\/2023\/04\/Oracle.png 225w, https:\/\/edensia.com\/wp-content\/uploads\/2023\/04\/Oracle-150x150.png 150w\" sizes=\"auto, (max-width: 75px) 100vw, 75px\" \/><\/figure>\n\n\n\n<p class=\"has-text-align-left has-small-font-size\"><strong>Oracle<\/strong><br>Syst\u00e8me de gestion de base de donn\u00e9es relationnelle objet. Capacit\u00e9 de gestion de proc\u00e9dures stock\u00e9es et des bases distribu\u00e9es.<\/p>\n<\/div>\n<\/div>\n<\/div>\n<\/div>\n","protected":false},"excerpt":{"rendered":"<p>Technologies utilis\u00e9es par Edensia. D\u00e9couvrez comment ces outils affectent l&rsquo;interaction et l&rsquo;engagement de notre entreprise sur vos projets. DevOps et D\u00e9veloppement Gitlab CI\/CDGitlab permet de cr\u00e9er des pipelines d&rsquo;int\u00e9gration continue bas\u00e9 sur la technologie Docker. DockerDocker est une plate-forme ouverte qui permet aux d\u00e9veloppeurs et aux administrateurs syst\u00e8me de cr\u00e9er des applications distribu\u00e9es. KubernetesKubernetes aide [&hellip;]<\/p>\n","protected":false},"author":1,"featured_media":0,"parent":0,"menu_order":0,"comment_status":"closed","ping_status":"closed","template":"","meta":{"footnotes":""},"class_list":["post-84","page","type-page","status-publish","hentry"],"_links":{"self":[{"href":"https:\/\/edensia.com\/index.php?rest_route=\/wp\/v2\/pages\/84","targetHints":{"allow":["GET"]}}],"collection":[{"href":"https:\/\/edensia.com\/index.php?rest_route=\/wp\/v2\/pages"}],"about":[{"href":"https:\/\/edensia.com\/index.php?rest_route=\/wp\/v2\/types\/page"}],"author":[{"embeddable":true,"href":"https:\/\/edensia.com\/index.php?rest_route=\/wp\/v2\/users\/1"}],"replies":[{"embeddable":true,"href":"https:\/\/edensia.com\/index.php?rest_route=%2Fwp%2Fv2%2Fcomments&post=84"}],"version-history":[{"count":17,"href":"https:\/\/edensia.com\/index.php?rest_route=\/wp\/v2\/pages\/84\/revisions"}],"predecessor-version":[{"id":141,"href":"https:\/\/edensia.com\/index.php?rest_route=\/wp\/v2\/pages\/84\/revisions\/141"}],"wp:attachment":[{"href":"https:\/\/edensia.com\/index.php?rest_route=%2Fwp%2Fv2%2Fmedia&parent=84"}],"curies":[{"name":"wp","href":"https:\/\/api.w.org\/{rel}","templated":true}]}}