{"id":22,"date":"2023-03-29T14:24:54","date_gmt":"2023-03-29T12:24:54","guid":{"rendered":"https:\/\/edensia.com\/?page_id=22"},"modified":"2024-03-08T19:15:51","modified_gmt":"2024-03-08T18:15:51","slug":"conseil","status":"publish","type":"page","link":"https:\/\/edensia.com\/?page_id=22","title":{"rendered":"Conseil"},"content":{"rendered":"\n<div class=\"wp-block-group alignfull is-content-justification-center is-layout-constrained wp-container-core-group-is-layout-1313c73e wp-block-group-is-layout-constrained\" style=\"margin-top:0px;margin-bottom:0px;padding-top:64px;padding-bottom:64px\">\n<div class=\"wp-block-group alignwide is-layout-flow wp-container-core-group-is-layout-c6626a78 wp-block-group-is-layout-flow\">\n<div class=\"wp-block-columns are-vertically-aligned-top is-layout-flex wp-container-core-columns-is-layout-28f84493 wp-block-columns-is-layout-flex\">\n<div class=\"wp-block-column is-vertically-aligned-top is-layout-flow wp-container-core-column-is-layout-47e5a185 wp-block-column-is-layout-flow\">\n<div class=\"wp-block-group is-content-justification-left is-layout-constrained wp-container-core-group-is-layout-44ff0204 wp-block-group-is-layout-constrained\" style=\"border-radius:5px\">\n<figure class=\"wp-block-image size-full\"><img decoding=\"async\" src=\"https:\/\/edensia.com\/wp-content\/themes\/neve-fse\/assets\/img\/neve-fse-img10.jpg\" alt=\"\"\/><\/figure>\n\n\n\n<h3 class=\"wp-block-heading\">Business Intelligence et Big Data<\/h3>\n\n\n\n<p>Collecte de donn\u00e9es (Oracle, MySQL, MongoDB)<br>Qualit\u00e9 et transformation des donn\u00e9es (Python, Talend, Power BI)<br>Automatisation des processus de traitement (Talend, Apache Spark)<\/p>\n<\/div>\n<\/div>\n\n\n\n<div class=\"wp-block-column is-vertically-aligned-top is-layout-flow wp-container-core-column-is-layout-47e5a185 wp-block-column-is-layout-flow\">\n<div class=\"wp-block-group is-content-justification-left is-layout-constrained wp-container-core-group-is-layout-44ff0204 wp-block-group-is-layout-constrained\" style=\"border-radius:5px\">\n<figure class=\"wp-block-image size-full\"><img decoding=\"async\" src=\"https:\/\/edensia.com\/wp-content\/themes\/neve-fse\/assets\/img\/neve-fse-img11.jpg\" alt=\"\"\/><\/figure>\n\n\n\n<h3 class=\"wp-block-heading\">Analyse des donn\u00e9es<\/h3>\n\n\n\n<p>Nous vous accompagnons sur l&rsquo;analyse de vos donn\u00e9es et sur les m\u00e9thodes d&rsquo;exploitation, de pr\u00e9sentation et de pr\u00e9diction. Mise en place d&rsquo;entrep\u00f4ts de donn\u00e9es et de Datamarts.<br>Reporting (Jasper, BIRT)<br>Machine Learning (Python)<br>Pr\u00e9visions et IA (Python)<\/p>\n<\/div>\n<\/div>\n\n\n\n<div class=\"wp-block-column is-vertically-aligned-top is-layout-flow wp-container-core-column-is-layout-47e5a185 wp-block-column-is-layout-flow\">\n<div class=\"wp-block-group is-content-justification-left is-layout-constrained wp-container-core-group-is-layout-44ff0204 wp-block-group-is-layout-constrained\" style=\"border-radius:5px\">\n<figure class=\"wp-block-image size-full\"><img decoding=\"async\" src=\"https:\/\/edensia.com\/wp-content\/themes\/neve-fse\/assets\/img\/neve-fse-img09.jpg\" alt=\"\"\/><\/figure>\n\n\n\n<h3 class=\"wp-block-heading\">DevOps et Gestion de Projet<\/h3>\n\n\n\n<p>Gestion agile (Kanban, Scrum)<br>Analyse des co\u00fbts et des ressources (MS Project)<br>R\u00e9ponses \u00e0 appel d&rsquo;offres et r\u00e9daction de cahier des charges<br>Virtualisation et Conteneurisation (Docker, Docker compose)<br>Cr\u00e9ation de Pipelines d&rsquo;int\u00e9gration continue (Gitlab CI\/CD, Jenkins)<br>D\u00e9ploiement sur infrastructure Kubernetes (Docker, K8s, Helm)<\/p>\n<\/div>\n<\/div>\n<\/div>\n<\/div>\n<\/div>\n","protected":false},"excerpt":{"rendered":"<p>Business Intelligence et Big Data Collecte de donn\u00e9es (Oracle, MySQL, MongoDB)Qualit\u00e9 et transformation des donn\u00e9es (Python, Talend, Power BI)Automatisation des processus de traitement (Talend, Apache Spark) Analyse des donn\u00e9es Nous vous accompagnons sur l&rsquo;analyse de vos donn\u00e9es et sur les m\u00e9thodes d&rsquo;exploitation, de pr\u00e9sentation et de pr\u00e9diction. Mise en place d&rsquo;entrep\u00f4ts de donn\u00e9es et de [&hellip;]<\/p>\n","protected":false},"author":1,"featured_media":23,"parent":2,"menu_order":0,"comment_status":"closed","ping_status":"closed","template":"","meta":{"footnotes":""},"class_list":["post-22","page","type-page","status-publish","has-post-thumbnail","hentry"],"_links":{"self":[{"href":"https:\/\/edensia.com\/index.php?rest_route=\/wp\/v2\/pages\/22","targetHints":{"allow":["GET"]}}],"collection":[{"href":"https:\/\/edensia.com\/index.php?rest_route=\/wp\/v2\/pages"}],"about":[{"href":"https:\/\/edensia.com\/index.php?rest_route=\/wp\/v2\/types\/page"}],"author":[{"embeddable":true,"href":"https:\/\/edensia.com\/index.php?rest_route=\/wp\/v2\/users\/1"}],"replies":[{"embeddable":true,"href":"https:\/\/edensia.com\/index.php?rest_route=%2Fwp%2Fv2%2Fcomments&post=22"}],"version-history":[{"count":18,"href":"https:\/\/edensia.com\/index.php?rest_route=\/wp\/v2\/pages\/22\/revisions"}],"predecessor-version":[{"id":281,"href":"https:\/\/edensia.com\/index.php?rest_route=\/wp\/v2\/pages\/22\/revisions\/281"}],"up":[{"embeddable":true,"href":"https:\/\/edensia.com\/index.php?rest_route=\/wp\/v2\/pages\/2"}],"wp:featuredmedia":[{"embeddable":true,"href":"https:\/\/edensia.com\/index.php?rest_route=\/wp\/v2\/media\/23"}],"wp:attachment":[{"href":"https:\/\/edensia.com\/index.php?rest_route=%2Fwp%2Fv2%2Fmedia&parent=22"}],"curies":[{"name":"wp","href":"https:\/\/api.w.org\/{rel}","templated":true}]}}